{"id":1802,"date":"2022-06-20T10:45:26","date_gmt":"2022-06-20T15:45:26","guid":{"rendered":"https:\/\/spanish-base.six.zysites.com\/about-us\/"},"modified":"2025-11-03T14:29:19","modified_gmt":"2025-11-03T20:29:19","slug":"about-us","status":"publish","type":"page","link":"https:\/\/fairway-insurance-group.six.zysites.com\/es\/about-us\/","title":{"rendered":"Sobre nosotras"},"content":{"rendered":"<p><img decoding=\"async\" class=\"size-full wp-image-1914 alignleft lazyload\" data-src=\"http:\/\/fairway-insurance-group.six.zysites.com\/wp-content\/uploads\/sites\/221\/2025\/11\/about.jpg\" alt=\"\" width=\"275\" height=\"183\" src=\"data:image\/svg+xml;base64,PHN2ZyB3aWR0aD0iMSIgaGVpZ2h0PSIxIiB4bWxucz0iaHR0cDovL3d3dy53My5vcmcvMjAwMC9zdmciPjwvc3ZnPg==\" style=\"--smush-placeholder-width: 275px; --smush-placeholder-aspect-ratio: 275\/183;\" \/><\/p>\n<p>Fairway Insurance Group, LLC es su soluci\u00f3n integral de seguros. A trav\u00e9s de nuestras aseguradoras asociadas, nos esforzamos por brindar a nuestros clientes un servicio al cliente de primera clase<\/p>\n<p>y soluciones integrales para sus necesidades de seguros.<\/p>\n<p>Creemos que nuestro \u00e9xito no se mide por el tama\u00f1o de nuestra agencia, sino por el nivel de satisfacci\u00f3n de nuestros clientes. La agencia fue fundada por Edward L. Brown III, quien durante los \u00faltimos 23 a\u00f1os ha tenido el privilegio de ayudar a sus clientes a evaluar sus necesidades de transferencia de riesgos comerciales y personales.<\/p>\n<p>Como agencia de seguros del sur de Florida, Fairway Insurance Group tiene experiencia de primera mano con las incertidumbres causadas por huracanes como Andrew y Katrina. Nuestra perspectiva local y 17 a\u00f1os de experiencia en seguros nos permiten dise\u00f1ar programas personalizados de seguros para hogar, auto y negocios que se ajusten a sus necesidades espec\u00edficas. Trabajamos las 24 horas, listos para brindarle un servicio y una cobertura de calidad cuando m\u00e1s los necesite.<\/p>\n<p>Gracias a nuestra alianza con aseguradoras como Old Dominion Insurance Company, Universal Property and Casualty, Travelers of Florida, Zurich, CHUBB y Progressive, tenemos el privilegio de ofrecer a los clientes de seguros de hogar, auto y negocios del sur de Florida soluciones de seguros s\u00f3lidas.<\/p>\n<p>Perm\u00edtanos ganarnos su confianza ofreci\u00e9ndole una soluci\u00f3n de seguros integral, competitiva y sin compromiso, adaptada a sus necesidades individuales. Permita que uno de nuestros agentes de seguros profesionales y autorizados le ayude con todas sus necesidades de seguros personales o comerciales en Florida.<\/p>\n","protected":false},"excerpt":{"rendered":"<p>Fairway Insurance Group, LLC es su soluci\u00f3n integral de seguros. A trav\u00e9s de nuestras aseguradoras asociadas, nos esforzamos por brindar a nuestros clientes un servicio al cliente de primera clase y soluciones integrales para sus necesidades de seguros. Creemos que nuestro \u00e9xito no se mide por el tama\u00f1o de nuestra agencia, sino por el nivel [&hellip;]<\/p>\n","protected":false},"author":69,"featured_media":0,"parent":0,"menu_order":0,"comment_status":"closed","ping_status":"closed","template":"","meta":{"_acf_changed":false,"_seopress_robots_primary_cat":"","_seopress_titles_title":"","_seopress_titles_desc":"","_seopress_robots_index":"","_analytify_skip_tracking":false,"footnotes":""},"class_list":["post-1802","page","type-page","status-publish","hentry"],"acf":[],"_links":{"self":[{"href":"https:\/\/fairway-insurance-group.six.zysites.com\/es\/wp-json\/wp\/v2\/pages\/1802","targetHints":{"allow":["GET"]}}],"collection":[{"href":"https:\/\/fairway-insurance-group.six.zysites.com\/es\/wp-json\/wp\/v2\/pages"}],"about":[{"href":"https:\/\/fairway-insurance-group.six.zysites.com\/es\/wp-json\/wp\/v2\/types\/page"}],"author":[{"embeddable":true,"href":"https:\/\/fairway-insurance-group.six.zysites.com\/es\/wp-json\/wp\/v2\/users\/69"}],"replies":[{"embeddable":true,"href":"https:\/\/fairway-insurance-group.six.zysites.com\/es\/wp-json\/wp\/v2\/comments?post=1802"}],"version-history":[{"count":0,"href":"https:\/\/fairway-insurance-group.six.zysites.com\/es\/wp-json\/wp\/v2\/pages\/1802\/revisions"}],"wp:attachment":[{"href":"https:\/\/fairway-insurance-group.six.zysites.com\/es\/wp-json\/wp\/v2\/media?parent=1802"}],"curies":[{"name":"wp","href":"https:\/\/api.w.org\/{rel}","templated":true}]}}